{"id":9,"date":"2014-06-07T19:11:24","date_gmt":"2014-06-07T18:11:24","guid":{"rendered":"https:\/\/www.loup-paris.com\/loup-2014\/?page_id=9"},"modified":"2025-08-27T20:00:29","modified_gmt":"2025-08-27T18:00:29","slug":"startseite","status":"publish","type":"page","link":"https:\/\/www.loup-paris.com\/de\/","title":{"rendered":"Startseite"},"content":{"rendered":"<div class=\"wpb-content-wrapper\"><div class=\"vc_row wpb_row section vc_row-fluid\" style=' text-align:center;'><div class=\"full_section_inner clearfix\"><div class=\"wpb_column vc_column_container vc_col-sm-12\"><div class=\"vc_column-inner\"><div class=\"wpb_wrapper\"><a  itemprop=\"url\" href=\"https:\/\/widget.thefork.com\/fe40d944-ff77-4699-8db1-1a2b04252318\" target=\"_self\" data-hover-background-color=\"#339966\" data-hover-color=\"#FFFFFF\" class=\"qbutton  big_large default\" style=\"color: #000000; border-color: #00000000; font-weight: 600; font-family: &#039;News Cycle&#039;, sans-serif; font-size: 16px; margin: 10px; border-radius: 3pxpx;-moz-border-radius: 3pxpx;-webkit-border-radius: 3pxpx; background-color:#FFC6FA;\">Einen Tisch reservieren<i class=\"qode_icon_font_awesome fa fa-calendar-check-o qode_button_icon_element\"><\/i><\/a>\n\t<div class=\"wpb_text_column wpb_content_element\">\n\t\t<div class=\"wpb_wrapper\">\n\t\t\t<div class=\"separator  transparent center\" style=\"margin-top: 20px;\"><\/div>\n\n\t\t<\/div>\n\t<\/div>\n\t<div class=\"wpb_single_image wpb_content_element vc_align_center\">\n\t\t<div class=\"wpb_wrapper\">\n\t\t\t\n\t\t\t<div class=\"vc_single_image-wrapper   vc_box_border_grey\"><img loading=\"lazy\" decoding=\"async\" width=\"976\" height=\"738\" src=\"https:\/\/www.loup-paris.com\/wp-content\/uploads\/2019\/11\/design-home-top-new.jpg\" class=\"vc_single_image-img attachment-full\" alt=\"\" title=\"design-home-top-new\" srcset=\"https:\/\/www.loup-paris.com\/wp-content\/uploads\/2019\/11\/design-home-top-new.jpg 976w, https:\/\/www.loup-paris.com\/wp-content\/uploads\/2019\/11\/design-home-top-new-300x227.jpg 300w, https:\/\/www.loup-paris.com\/wp-content\/uploads\/2019\/11\/design-home-top-new-768x581.jpg 768w, https:\/\/www.loup-paris.com\/wp-content\/uploads\/2019\/11\/design-home-top-new-700x529.jpg 700w\" sizes=\"auto, (max-width: 976px) 100vw, 976px\" \/><\/div>\n\t\t<\/div>\n\t<\/div>\n\n\t<div class=\"wpb_text_column wpb_content_element\">\n\t\t<div class=\"wpb_wrapper\">\n\t\t\t<div class=\"separator  transparent center\" style=\"margin-top: 30px;\"><\/div>\n\n\t\t<\/div>\n\t<\/div>\n\t<div class=\"wpb_text_column wpb_content_element\">\n\t\t<div class=\"wpb_wrapper\">\n\t\t\t<h5 style=\"text-align: center;\">SERVICE <strong>VOITURIER<\/strong> DER ABEND<\/h5>\n\n\t\t<\/div>\n\t<\/div>\n\t<div class=\"wpb_text_column wpb_content_element\">\n\t\t<div class=\"wpb_wrapper\">\n\t\t\t<div class=\"separator  transparent center\" style=\"margin-top: 35px;\"><\/div>\n\n\t\t<\/div>\n\t<\/div><\/div><\/div><\/div><\/div><\/div><div      class=\"vc_row wpb_row section vc_row-fluid  grid_section\" style=' text-align:left;'><div class=\"section_inner clearfix\"><div class='section_inner_margin clearfix'><div class=\"element_from_top\"><div><div class=\"wpb_column vc_column_container vc_col-sm-4\"><div class=\"vc_column-inner\"><div class=\"wpb_wrapper\">\n\t<div class=\"wpb_text_column wpb_content_element\">\n\t\t<div class=\"wpb_wrapper\">\n\t\t\t<h4 style=\"text-align: center;\">DAS RESTAURANT<\/h4>\n<p style=\"text-align: center;\">Du bist nie gekommen,<br \/>\ndu willst <strong>einen Blick werfen<\/strong>Hier geht's lang!<\/p>\n<p style=\"text-align: center;\"><strong>Lichte Atmosph\u00e4re<\/strong> den Tag, <strong>gefilzt<\/strong> abends... zu zweit oder im Rudel wirst du schnell vergessen, dass du drau\u00dfen bist, denn in Le Loup ist alles darauf ausgerichtet, dass du dich wie ein Hahn im Korb f\u00fchlst, wie eine Schwalbe im Fr\u00fchling, wie ein zweites Zuhause mit all dem Vergn\u00fcgen der Begegnungen und des L\u00e4chelns, mit dem Dekor eines alten Lebensmittelgesch\u00e4fts, das von einem \"J\u00e4ger und Genie\u00dfer\" gef\u00fchrt wird.<\/p>\n\n\t\t<\/div>\n\t<\/div><\/div><\/div><\/div><div class=\"wpb_column vc_column_container vc_col-sm-4\"><div class=\"vc_column-inner\"><div class=\"wpb_wrapper\">\n\t<div class=\"wpb_text_column wpb_content_element\">\n\t\t<div class=\"wpb_wrapper\">\n\t\t\t<h4 style=\"text-align: center;\">DIE KARTE<\/h4>\n<p style=\"text-align: center;\"><strong>Der Ruf des Bauches<\/strong>Die meisten Menschen, die in den USA leben, haben keine Ahnung, was sie essen sollen. <strong>schmackhafte Qualit\u00e4ten<\/strong>... als ob inmitten <strong>Herz von Paris<\/strong>Du bist gekommen, um <strong>ein \"nat\u00fcrlicher\" Waffenstillstand<\/strong> bei einem schicken Holzf\u00e4ller.<\/p>\n<p style=\"text-align: center;\">Komm und verschlinge <strong>Landleben<\/strong>Die Welt ist in Ordnung. <strong>wein mit dem duft der freiheit<\/strong>...<\/p>\n\n\t\t<\/div>\n\t<\/div><\/div><\/div><\/div><div class=\"wpb_column vc_column_container vc_col-sm-4\"><div class=\"vc_column-inner\"><div class=\"wpb_wrapper\">\n\t<div class=\"wpb_text_column wpb_content_element\">\n\t\t<div class=\"wpb_wrapper\">\n\t\t\t<h4 style=\"text-align: center;\">DIE TERMINE<\/h4>\n<p style=\"text-align: center;\">Es gibt nat\u00fcrlich die unumg\u00e4nglichen <strong>Sonderabende<\/strong> und <strong>Veranstaltungen<\/strong> die du dir ansehen kannst, wenn du unsere Infos auf unseren fcbk-Seiten, Twitter usw. verfolgst. Diese Links findest du unten.<\/p>\n<p style=\"text-align: center;\">Wenn du uns magst, like uns!<br \/>\nWir liken dich im Voraus!<\/p>\n\n\t\t<\/div>\n\t<\/div><\/div><\/div><\/div><\/div><\/div><\/div><\/div><\/div><div      class=\"vc_row wpb_row section vc_row-fluid  grid_section\" style=' text-align:left;'><div class=\"section_inner clearfix\"><div class='section_inner_margin clearfix'><div class=\"wpb_column vc_column_container vc_col-sm-4\"><div class=\"vc_column-inner\"><div class=\"wpb_wrapper\"><div class=\"separator  small center\" style=\"background-color: #478402;\"><\/div>\n\t<div class=\"wpb_text_column wpb_content_element\">\n\t\t<div class=\"wpb_wrapper\">\n\t\t\t<h6 style=\"text-align: center;\"><a title=\"DER ORT\" href=\"https:\/\/www.loup-paris.com\/de\/ort\/\"><span style=\"color: #339966;\">ALBUM ANSEHEN<\/span><\/a><\/h6>\n\n\t\t<\/div>\n\t<\/div><\/div><\/div><\/div><div class=\"wpb_column vc_column_container vc_col-sm-4\"><div class=\"vc_column-inner\"><div class=\"wpb_wrapper\"><div class=\"separator  small center\" style=\"background-color: #478402;\"><\/div>\n\t<div class=\"wpb_text_column wpb_content_element\">\n\t\t<div class=\"wpb_wrapper\">\n\t\t\t<h6 style=\"text-align: center;\"><a title=\"Die Karte\" href=\"https:\/\/www.loup-paris.com\/de\/die-bis-karte\/\"><span style=\"color: #339966;\">KARTE ANSEHEN<\/span><\/a><\/h6>\n\n\t\t<\/div>\n\t<\/div><\/div><\/div><\/div><div class=\"wpb_column vc_column_container vc_col-sm-4\"><div class=\"vc_column-inner\"><div class=\"wpb_wrapper\"><div class=\"separator  small center\" style=\"background-color: #478402;\"><\/div>\n\t<div class=\"wpb_text_column wpb_content_element\">\n\t\t<div class=\"wpb_wrapper\">\n\t\t\t<h6 style=\"text-align: center;\"><a href=\"https:\/\/www.facebook.com\/Loup.Paris\" target=\"_blank\" rel=\"noopener noreferrer\"><span style=\"color: #339966;\">RDV auf FCBK<\/span><\/a><\/h6>\n\n\t\t<\/div>\n\t<\/div><\/div><\/div><\/div><\/div><\/div><\/div><div      class=\"vc_row wpb_row section vc_row-fluid  grid_section\" style=' text-align:center;'><div class=\"section_inner clearfix\"><div class='section_inner_margin clearfix'><div class=\"wpb_column vc_column_container vc_col-sm-12\"><div class=\"vc_column-inner\"><div class=\"wpb_wrapper\">\n\t<div class=\"wpb_text_column wpb_content_element\">\n\t\t<div class=\"wpb_wrapper\">\n\t\t\t<div class=\"separator  transparent center\" style=\"margin-top: 50px;\"><\/div>\n\n\t\t<\/div>\n\t<\/div>\n\t<div class=\"wpb_text_column wpb_content_element\">\n\t\t<div class=\"wpb_wrapper\">\n\t\t\t<h4 style=\"text-align: center;\">DER WOLF GEH\u00d6RT DIR<\/h4>\n<p style=\"text-align: center;\"><strong>Privatisierung und Halbprivatisierung m\u00f6glich <\/strong>bei einem Cocktail-Dinner<\/p>\n\n\t\t<\/div>\n\t<\/div>\n\t<div class=\"wpb_text_column wpb_content_element\">\n\t\t<div class=\"wpb_wrapper\">\n\t\t\t<div class=\"separator  transparent center\" style=\"margin-top: 40px;\"><\/div>\n\n\t\t<\/div>\n\t<\/div><div class=\"vc_text_separator wpb_content_element full separator_align_center\"><div style='background-color:#ffffff; color:#000000;'><span>Bis bald<\/span><\/div><\/div><div class=\"separator  transparent\" style=\"margin-top: 10px;\"><\/div><\/div><\/div><\/div><\/div><\/div><\/div><div      class=\"vc_row wpb_row section vc_row-fluid\" style=' text-align:left;'><div class=\"full_section_inner clearfix\"><div class=\"wpb_column vc_column_container vc_col-sm-12\"><div class=\"vc_column-inner\"><div class=\"wpb_wrapper\">\n\t<div class=\"wpb_single_image wpb_content_element vc_align_center\">\n\t\t<div class=\"wpb_wrapper\">\n\t\t\t\n\t\t\t<div class=\"vc_single_image-wrapper   vc_box_border_grey\"><img decoding=\"async\" class=\"vc_single_image-img\" src=\"https:\/\/www.loup-paris.com\/wp-content\/uploads\/2014\/06\/design-home-bottom.jpg\" width=\"976\" height=\"471\" alt=\"design-home-bottom\" title=\"design-home-bottom\" loading=\"lazy\" \/><\/div>\n\t\t<\/div>\n\t<\/div>\n<\/div><\/div><\/div><\/div><\/div>\n<\/div>","protected":false},"excerpt":{"rendered":"Tisch reservieren VOITURIER-SERVICE AM ABEND DAS RESTAURANT Du warst noch nie hier und willst dich umschauen, hier geht's lang! Tags\u00fcber helle Atmosph\u00e4re, abends ged\u00e4mpfte Stimmung... ob zu zweit oder im Rudel, du wirst schnell vergessen, dass du drau\u00dfen bist, denn im Le Loup ist alles...","protected":false},"author":1,"featured_media":0,"parent":0,"menu_order":0,"comment_status":"open","ping_status":"open","template":"full_width.php","meta":{"footnotes":""},"class_list":["post-9","page","type-page","status-publish","hentry"],"yoast_head":"<!-- This site is optimized with the Yoast SEO plugin v27.3 - https:\/\/yoast.com\/product\/yoast-seo-wordpress\/ -->\n<title>LOUP PARIS &#8212; Accueil<\/title>\n<meta name=\"robots\" content=\"index, follow, max-snippet:-1, max-image-preview:large, max-video-preview:-1\" \/>\n<link rel=\"canonical\" href=\"https:\/\/www.loup-paris.com\/de\/\" \/>\n<meta property=\"og:locale\" content=\"de_DE\" \/>\n<meta property=\"og:type\" content=\"article\" \/>\n<meta property=\"og:title\" content=\"LOUP PARIS &#8212; Accueil\" \/>\n<meta property=\"og:url\" content=\"https:\/\/www.loup-paris.com\/de\/\" \/>\n<meta property=\"og:site_name\" content=\"LOUP PARIS\" \/>\n<meta property=\"article:publisher\" content=\"https:\/\/fr-fr.facebook.com\/Loup.Paris\/\" \/>\n<meta property=\"article:modified_time\" content=\"2025-08-27T18:00:29+00:00\" \/>\n<meta name=\"twitter:card\" content=\"summary_large_image\" \/>\n<meta name=\"twitter:label1\" content=\"Gesch\u00e4tzte Lesezeit\" \/>\n\t<meta name=\"twitter:data1\" content=\"2\u00a0Minuten\" \/>\n<script type=\"application\/ld+json\" class=\"yoast-schema-graph\">{\"@context\":\"https:\\\/\\\/schema.org\",\"@graph\":[{\"@type\":\"WebPage\",\"@id\":\"https:\\\/\\\/www.loup-paris.com\\\/\",\"url\":\"https:\\\/\\\/www.loup-paris.com\\\/\",\"name\":\"LOUP PARIS &#8212; Accueil\",\"isPartOf\":{\"@id\":\"https:\\\/\\\/www.loup-paris.com\\\/#website\"},\"datePublished\":\"2014-06-07T18:11:24+00:00\",\"dateModified\":\"2025-08-27T18:00:29+00:00\",\"breadcrumb\":{\"@id\":\"https:\\\/\\\/www.loup-paris.com\\\/#breadcrumb\"},\"inLanguage\":\"de\",\"potentialAction\":[{\"@type\":\"ReadAction\",\"target\":[\"https:\\\/\\\/www.loup-paris.com\\\/\"]}]},{\"@type\":\"BreadcrumbList\",\"@id\":\"https:\\\/\\\/www.loup-paris.com\\\/#breadcrumb\",\"itemListElement\":[{\"@type\":\"ListItem\",\"position\":1,\"name\":\"Accueil\",\"item\":\"https:\\\/\\\/www.loup-paris.com\\\/\"},{\"@type\":\"ListItem\",\"position\":2,\"name\":\"Accueil\"}]},{\"@type\":\"WebSite\",\"@id\":\"https:\\\/\\\/www.loup-paris.com\\\/#website\",\"url\":\"https:\\\/\\\/www.loup-paris.com\\\/\",\"name\":\"LOUP PARIS\",\"description\":\"Restaurant Bar\",\"publisher\":{\"@id\":\"https:\\\/\\\/www.loup-paris.com\\\/#organization\"},\"potentialAction\":[{\"@type\":\"SearchAction\",\"target\":{\"@type\":\"EntryPoint\",\"urlTemplate\":\"https:\\\/\\\/www.loup-paris.com\\\/?s={search_term_string}\"},\"query-input\":{\"@type\":\"PropertyValueSpecification\",\"valueRequired\":true,\"valueName\":\"search_term_string\"}}],\"inLanguage\":\"de\"},{\"@type\":\"Organization\",\"@id\":\"https:\\\/\\\/www.loup-paris.com\\\/#organization\",\"name\":\"LOUP PARIS\",\"url\":\"https:\\\/\\\/www.loup-paris.com\\\/\",\"logo\":{\"@type\":\"ImageObject\",\"inLanguage\":\"de\",\"@id\":\"https:\\\/\\\/www.loup-paris.com\\\/#\\\/schema\\\/logo\\\/image\\\/\",\"url\":\"https:\\\/\\\/www.loup-paris.com\\\/wp-content\\\/uploads\\\/2014\\\/05\\\/3d-mobile_logo-loup-paris.jpg\",\"contentUrl\":\"https:\\\/\\\/www.loup-paris.com\\\/wp-content\\\/uploads\\\/2014\\\/05\\\/3d-mobile_logo-loup-paris.jpg\",\"width\":250,\"height\":142,\"caption\":\"LOUP PARIS\"},\"image\":{\"@id\":\"https:\\\/\\\/www.loup-paris.com\\\/#\\\/schema\\\/logo\\\/image\\\/\"},\"sameAs\":[\"https:\\\/\\\/fr-fr.facebook.com\\\/Loup.Paris\\\/\",\"https:\\\/\\\/www.instagram.com\\\/loup_paris\\\/\"]}]}<\/script>\n<!-- \/ Yoast SEO plugin. -->","yoast_head_json":{"title":"LOUP PARIS - Startseite","robots":{"index":"index","follow":"follow","max-snippet":"max-snippet:-1","max-image-preview":"max-image-preview:large","max-video-preview":"max-video-preview:-1"},"canonical":"https:\/\/www.loup-paris.com\/de\/","og_locale":"de_DE","og_type":"article","og_title":"LOUP PARIS &#8212; Accueil","og_url":"https:\/\/www.loup-paris.com\/de\/","og_site_name":"LOUP PARIS","article_publisher":"https:\/\/fr-fr.facebook.com\/Loup.Paris\/","article_modified_time":"2025-08-27T18:00:29+00:00","twitter_card":"summary_large_image","twitter_misc":{"Gesch\u00e4tzte Lesezeit":"2\u00a0Minuten"},"schema":{"@context":"https:\/\/schema.org","@graph":[{"@type":"WebPage","@id":"https:\/\/www.loup-paris.com\/","url":"https:\/\/www.loup-paris.com\/","name":"LOUP PARIS - Startseite","isPartOf":{"@id":"https:\/\/www.loup-paris.com\/#website"},"datePublished":"2014-06-07T18:11:24+00:00","dateModified":"2025-08-27T18:00:29+00:00","breadcrumb":{"@id":"https:\/\/www.loup-paris.com\/#breadcrumb"},"inLanguage":"de","potentialAction":[{"@type":"ReadAction","target":["https:\/\/www.loup-paris.com\/"]}]},{"@type":"BreadcrumbList","@id":"https:\/\/www.loup-paris.com\/#breadcrumb","itemListElement":[{"@type":"ListItem","position":1,"name":"Accueil","item":"https:\/\/www.loup-paris.com\/"},{"@type":"ListItem","position":2,"name":"Accueil"}]},{"@type":"WebSite","@id":"https:\/\/www.loup-paris.com\/#website","url":"https:\/\/www.loup-paris.com\/","name":"LOUP PARIS","description":"Restaurant Bar","publisher":{"@id":"https:\/\/www.loup-paris.com\/#organization"},"potentialAction":[{"@type":"SearchAction","target":{"@type":"EntryPoint","urlTemplate":"https:\/\/www.loup-paris.com\/?s={search_term_string}"},"query-input":{"@type":"PropertyValueSpecification","valueRequired":true,"valueName":"search_term_string"}}],"inLanguage":"de"},{"@type":"Organization","@id":"https:\/\/www.loup-paris.com\/#organization","name":"LOUP PARIS","url":"https:\/\/www.loup-paris.com\/","logo":{"@type":"ImageObject","inLanguage":"de","@id":"https:\/\/www.loup-paris.com\/#\/schema\/logo\/image\/","url":"https:\/\/www.loup-paris.com\/wp-content\/uploads\/2014\/05\/3d-mobile_logo-loup-paris.jpg","contentUrl":"https:\/\/www.loup-paris.com\/wp-content\/uploads\/2014\/05\/3d-mobile_logo-loup-paris.jpg","width":250,"height":142,"caption":"LOUP PARIS"},"image":{"@id":"https:\/\/www.loup-paris.com\/#\/schema\/logo\/image\/"},"sameAs":["https:\/\/fr-fr.facebook.com\/Loup.Paris\/","https:\/\/www.instagram.com\/loup_paris\/"]}]}},"_links":{"self":[{"href":"https:\/\/www.loup-paris.com\/de\/wp-json\/wp\/v2\/pages\/9","targetHints":{"allow":["GET"]}}],"collection":[{"href":"https:\/\/www.loup-paris.com\/de\/wp-json\/wp\/v2\/pages"}],"about":[{"href":"https:\/\/www.loup-paris.com\/de\/wp-json\/wp\/v2\/types\/page"}],"author":[{"embeddable":true,"href":"https:\/\/www.loup-paris.com\/de\/wp-json\/wp\/v2\/users\/1"}],"replies":[{"embeddable":true,"href":"https:\/\/www.loup-paris.com\/de\/wp-json\/wp\/v2\/comments?post=9"}],"version-history":[{"count":32,"href":"https:\/\/www.loup-paris.com\/de\/wp-json\/wp\/v2\/pages\/9\/revisions"}],"predecessor-version":[{"id":18664,"href":"https:\/\/www.loup-paris.com\/de\/wp-json\/wp\/v2\/pages\/9\/revisions\/18664"}],"wp:attachment":[{"href":"https:\/\/www.loup-paris.com\/de\/wp-json\/wp\/v2\/media?parent=9"}],"curies":[{"name":"wp","href":"https:\/\/api.w.org\/{rel}","templated":true}]}}