{"id":15893,"date":"2014-06-10T11:37:01","date_gmt":"2014-06-10T09:37:01","guid":{"rendered":"http:\/\/demo.qodeinteractive.com\/bridge13\/?page_id=15893"},"modified":"2025-07-08T17:37:50","modified_gmt":"2025-07-08T15:37:50","slug":"el-espiritu","status":"publish","type":"page","link":"https:\/\/www.loup-paris.com\/es\/el-espiritu\/","title":{"rendered":"El esp\u00edritu del lobo"},"content":{"rendered":"<div class=\"wpb-content-wrapper\"><div class=\"vc_row wpb_row section vc_row-fluid  grid_section\" style=' text-align:left;'><div class=\"section_inner clearfix\"><div class='section_inner_margin clearfix'><div class=\"wpb_column vc_column_container vc_col-sm-12\"><div class=\"vc_column-inner\"><div class=\"wpb_wrapper\"><div class=\"separator  transparent\" style=\"margin-top: 20px;\"><\/div>\n\t<div class=\"wpb_text_column wpb_content_element\">\n\t\t<div class=\"wpb_wrapper\">\n\t\t\t<h2 style=\"text-align: center;\">Animal alimentario<\/h2>\n\n\t\t<\/div>\n\t<\/div><div class=\"separator  small center\" style=\"margin-top: 20px;background-color: #478402;\"><\/div><\/div><\/div><\/div><\/div><\/div><\/div><div      class=\"vc_row wpb_row section vc_row-fluid  grid_section\" style=' text-align:left;'><div class=\"section_inner clearfix\"><div class='section_inner_margin clearfix'><div class=\"wpb_column vc_column_container vc_col-sm-6\"><div class=\"vc_column-inner\"><div class=\"wpb_wrapper\">\n\t<div class=\"wpb_text_column wpb_content_element\">\n\t\t<div class=\"wpb_wrapper\">\n\t\t\t<p>En su totalidad <strong>coraz\u00f3n de Par\u00eds<\/strong>en la encrucijada de 4 distritos: <strong>Les Halles<\/strong>, <strong>Palacio Real<\/strong>, <strong>Plaza de las Victorias<\/strong> y <strong>Etienne Marcel<\/strong>Loup te da la bienvenida en una decoraci\u00f3n estrafalaria, con su <strong>asador<\/strong> donde puedes <strong>come en la carnicer\u00eda o en la mesa de hu\u00e9spedes<\/strong>\u00a0pollo y <strong>cochinillo<\/strong> directamente del productor.<\/p>\n<p>El restaurante ofrece productos frescos <strong>platos caseros<\/strong>y<strong> productos ecol\u00f3gicos<\/strong> tambi\u00e9n algunos <strong>platos sin gluten<\/strong>El men\u00fa del restaurante se basa en la buena comida de la abuela a la antigua usanza: sencilla, sabrosa pero aut\u00e9ntica.<\/p>\n<p>El bar ofrece <strong>vinos naturales<\/strong>y <strong>vinos ecol\u00f3gicos<\/strong>y <strong>grands crus<\/strong> pero no s\u00f3lo...<\/p>\n\n\t\t<\/div>\n\t<\/div><\/div><\/div><\/div><div class=\"wpb_column vc_column_container vc_col-sm-6\"><div class=\"vc_column-inner\"><div class=\"wpb_wrapper\">\n\t<div class=\"wpb_text_column wpb_content_element\">\n\t\t<div class=\"wpb_wrapper\">\n\t\t\t<p>Puedes disfrutar de <strong>c\u00f3cteles con o sin alcohol<\/strong>en un <strong>ambiente chic y de moda<\/strong> sino de calidad.<\/p>\n<p>La <strong>terraza<\/strong> La soleada terraza esquinera es perfecta para aperitivos animados y tertulias.<\/p>\n<p>Organizamos una serie de actos, desde c\u00f3cteles a veladas gay-friendly. <strong>privatizar parte del restaurante<\/strong>.<\/p>\n<p><strong>Lobo<\/strong> es un caf\u00e9 decididamente moderno, un lugar estupendo para reunirse a cualquier hora del d\u00eda o de la noche.<\/p>\n\n\t\t<\/div>\n\t<\/div><\/div><\/div><\/div><\/div><\/div><\/div><div      class=\"vc_row wpb_row section vc_row-fluid  grid_section\" style=' text-align:left;'><div class=\"section_inner clearfix\"><div class='section_inner_margin clearfix'><div class=\"wpb_column vc_column_container vc_col-sm-12\"><div class=\"vc_column-inner\"><div class=\"wpb_wrapper\"><div class=\"separator  transparent\" style=\"margin-top: 20px;\"><\/div>\n\t<div class=\"wpb_text_column wpb_content_element\">\n\t\t<div class=\"wpb_wrapper\">\n\t\t\t<h2 style=\"text-align: center;\">... \u00bfy t\u00fa?<\/h2>\n<p style=\"text-align: center;\">Nuestra clientela es una mezcla de gente de arte, empresarios, creativos, modelos de moda y un animado vecindario donde varias generaciones de epic\u00fareos disfrutan de una agradable mezcla.<\/p>\n\n\t\t<\/div>\n\t<\/div><div class=\"separator  transparent\" style=\"margin-top: 60px;\"><\/div><\/div><\/div><\/div><\/div><\/div><\/div><section      data-speed=\"1\" class=\"parallax_section_holder\" style = \" height:588px; background-image:url('https:\/\/www.loup-paris.com\/wp-content\/uploads\/2014\/06\/loup-1-ssb2.jpg');\"><div class=\"parallax_content left\"><div class='parallax_section_inner_margin clearfix'><div class=\"wpb_column vc_column_container vc_col-sm-12\"><div class=\"vc_column-inner\"><div class=\"wpb_wrapper\"><div class=\"separator  transparent\" style=\"margin-top: 200px;\"><\/div><div      class=\"vc_row wpb_row section vc_row-fluid vc_inner\" style=' text-align:left;'><div class=\"full_section_inner clearfix\"><div class=\"wpb_column vc_column_container vc_col-sm-4\"><div class=\"vc_column-inner\"><div class=\"wpb_wrapper\"><\/div><\/div><\/div><div class=\"wpb_column vc_column_container vc_col-sm-4\"><div class=\"vc_column-inner\"><div class=\"wpb_wrapper\"><\/div><\/div><\/div><div class=\"wpb_column vc_column_container vc_col-sm-4\"><div class=\"vc_column-inner\"><div class=\"wpb_wrapper\">\n\t<div class=\"wpb_text_column wpb_content_element  vc_custom_1405192467012\">\n\t\t<div class=\"wpb_wrapper\">\n\t\t\t<h2><span style=\"color: #ffffff;\">COCINA AUT\u00c9NTICA<\/span><\/h2>\n<p><span style=\"color: #ffffff;\">En directo desde <strong>productores seleccionados por Loup<\/strong>,<\/span><br \/>\n<span style=\"color: #ffffff;\"> elegimos nuestros productos cuidadosamente para\u00a0<strong>haz que tu experiencia gastron\u00f3mica sea \u00fanica.<\/strong><\/span><\/p>\n<p><span style=\"color: #ffffff;\"> <strong>Sabroso<\/strong>\u00e9se es nuestro principal objetivo. <strong>sabores<\/strong> eso suena a algo yum, slurp,<br \/>\nMe estoy relamiendo... pero s\u00ed, distinguida, \u00a1siempre!<\/span><\/p>\n\n\t\t<\/div>\n\t<\/div><\/div><\/div><\/div><\/div><\/div><div class=\"separator  transparent\" style=\"margin-top: 130px;\"><\/div><\/div><\/div><\/div><\/div><\/div><\/section><div   data-q_id=\"#portfolio\"    class=\"vc_row wpb_row section vc_row-fluid  grid_section\" style='background-color:#ffffff; padding-top:0px; padding-bottom:61px; text-align:left;'><div class=\"section_inner clearfix\"><div class='section_inner_margin clearfix'><div class=\"wpb_column vc_column_container vc_col-sm-12\"><div class=\"vc_column-inner\"><div class=\"wpb_wrapper\"><div class=\"separator  normal\" style=\"margin-top: 0px;margin-bottom: 71px;background-color: #e0e0e0;height: 1px;\"><\/div>\n\t<div class=\"wpb_text_column wpb_content_element\">\n\t\t<div class=\"wpb_wrapper\">\n\t\t\t<h2 style=\"text-align: center;\">Lo que dicen nuestros clientes<\/h2>\n\n\t\t<\/div>\n\t<\/div><div class=\"separator  small center\" style=\"margin-top: 20px;background-color: #478402;\"><\/div><div class='testimonials_holder clearfix'><div class=\"testimonials testimonials_carousel\" data-show-navigation=\"no\" data-animation-type=\"slide\" data-animation-speed=\"0.2\" data-auto-rotate-slides=\"10\" data-number-per-slide=\"1\"><ul class=\"slides\"><li id=\"testimonials16820\" class=\"testimonial_content\"><div class=\"testimonial_content_inner\"><div class=\"testimonial_text_holder\"><div class=\"testimonial_text_inner\" style=\"\"><p >LOUP, \u00bfest\u00e1s ah\u00ed?<\/p><p class=\"testimonial_author\" style=\"font-weight: 400;color: #ad9263;\">NICOLAS OUCHENIR, BENJAMIN GALOPIN, CLAUDE SABBAH ... y Co<\/p><\/div><\/div><\/div><\/li><li id=\"testimonials15915\" class=\"testimonial_content\"><div class=\"testimonial_content_inner\"><div class=\"testimonial_text_holder\"><div class=\"testimonial_text_inner\" style=\"\"><p >Un lugar muy c\u00e1lido y acogedor...<\/p><p class=\"testimonial_author\" style=\"font-weight: 400;color: #ad9263;\">BRUNO LEVY, CEDRIC KLAPISCH, VIRGINIE EFIRA, MABROUK EL MECHRI<\/p><\/div><\/div><\/div><\/li><li id=\"testimonials15914\" class=\"testimonial_content\"><div class=\"testimonial_content_inner\"><div class=\"testimonial_text_holder\"><div class=\"testimonial_text_inner\" style=\"\"><p >... donde la buena comida y el buen humor van de la mano.<\/p><p class=\"testimonial_author\" style=\"font-weight: 400;color: #ad9263;\">JEAN-CLAUDE DREYFUS, EDOUARD BAER, JULIAN BUGIER, CHRISTINE SPENGLER<\/p><\/div><\/div><\/div><\/li><\/ul><\/div><\/div><\/div><\/div><\/div><\/div><\/div><\/div><div      class=\"vc_row wpb_row section vc_row-fluid  grid_section\" style='background-color:#ffffff; padding-top:0px; padding-bottom:16px; text-align:left;'><div class=\"section_inner clearfix\"><div class='section_inner_margin clearfix'><div class=\"wpb_column vc_column_container vc_col-sm-12\"><div class=\"vc_column-inner\"><div class=\"wpb_wrapper\"><div class=\"separator  normal\" style=\"margin-top: 0px;margin-bottom: 62px;background-color: #e0e0e0;height: 1px;\"><\/div><div      class=\"vc_row wpb_row section vc_row-fluid vc_inner\" style=' text-align:left;'><div class=\"full_section_inner clearfix\"><div class=\"wpb_column vc_column_container vc_col-sm-6\"><div class=\"vc_column-inner\"><div class=\"wpb_wrapper\">\n\t<div class=\"wpb_single_image wpb_content_element vc_align_left  element_from_fade\"><div style=\"-webkit-animation-delay:0.3s; animation-delay:0.3s; -webkit-transition-delay:0.3s; transition-delay:0.3s\">\n\t\t<div class=\"wpb_wrapper\">\n\t\t\t\n\t\t\t<div class=\"vc_single_image-wrapper   vc_box_border_grey\"><img loading=\"lazy\" decoding=\"async\" width=\"1708\" height=\"2560\" src=\"https:\/\/www.loup-paris.com\/wp-content\/uploads\/2025\/07\/52A5709-scaled.jpg\" class=\"vc_single_image-img attachment-full\" alt=\"\" title=\"_52A5709\" srcset=\"https:\/\/www.loup-paris.com\/wp-content\/uploads\/2025\/07\/52A5709-scaled.jpg 1708w, https:\/\/www.loup-paris.com\/wp-content\/uploads\/2025\/07\/52A5709-200x300.jpg 200w, https:\/\/www.loup-paris.com\/wp-content\/uploads\/2025\/07\/52A5709-683x1024.jpg 683w, https:\/\/www.loup-paris.com\/wp-content\/uploads\/2025\/07\/52A5709-768x1151.jpg 768w, https:\/\/www.loup-paris.com\/wp-content\/uploads\/2025\/07\/52A5709-1025x1536.jpg 1025w, https:\/\/www.loup-paris.com\/wp-content\/uploads\/2025\/07\/52A5709-1366x2048.jpg 1366w, https:\/\/www.loup-paris.com\/wp-content\/uploads\/2025\/07\/52A5709-8x12.jpg 8w, https:\/\/www.loup-paris.com\/wp-content\/uploads\/2025\/07\/52A5709-700x1049.jpg 700w\" sizes=\"auto, (max-width: 1708px) 100vw, 1708px\" \/><\/div>\n\t\t<\/div><\/div>\n\t<\/div>\n<div class=\"separator  transparent\" style=\"margin-top: 27px;margin-bottom: 0px;\"><\/div>\n\t<div class=\"wpb_text_column wpb_content_element\">\n\t\t<div class=\"wpb_wrapper\">\n\t\t\t<h5>Pescado al estilo rural<\/h5>\n\n\t\t<\/div>\n\t<\/div><div class=\"separator  small left\" style=\"margin-top: 17px;margin-bottom: 14px;height: 2px;width: 47px;\"><\/div>\n\t<div class=\"wpb_text_column wpb_content_element\">\n\t\t<div class=\"wpb_wrapper\">\n\t\t\t<p>Nuestro pescado fresco se selecciona con esmero, del oc\u00e9ano al puerto, del puerto a Rungis, de Rungis a la po\u00eale du Loup, y directo a tu plato.<\/p>\n<p>Filetes firmes que se deshacen en la boca, elegimos salm\u00f3n ecol\u00f3gico de calidad.<\/p>\n\n\t\t<\/div>\n\t<\/div><div class=\"separator  transparent\" style=\"margin-top: 43px;margin-bottom: 0px;\"><\/div><\/div><\/div><\/div><div class=\"wpb_column vc_column_container vc_col-sm-6\"><div class=\"vc_column-inner\"><div class=\"wpb_wrapper\">\n\t<div class=\"wpb_single_image wpb_content_element vc_align_left  element_from_fade\"><div style=\"-webkit-animation-delay:0.6s; animation-delay:0.6s; -webkit-transition-delay:0.6s; transition-delay:0.6s\">\n\t\t<div class=\"wpb_wrapper\">\n\t\t\t\n\t\t\t<div class=\"vc_single_image-wrapper   vc_box_border_grey\"><img loading=\"lazy\" decoding=\"async\" width=\"1708\" height=\"2560\" src=\"https:\/\/www.loup-paris.com\/wp-content\/uploads\/2025\/07\/52A5758-scaled.jpg\" class=\"vc_single_image-img attachment-full\" alt=\"\" title=\"_52A5758\" srcset=\"https:\/\/www.loup-paris.com\/wp-content\/uploads\/2025\/07\/52A5758-scaled.jpg 1708w, https:\/\/www.loup-paris.com\/wp-content\/uploads\/2025\/07\/52A5758-200x300.jpg 200w, https:\/\/www.loup-paris.com\/wp-content\/uploads\/2025\/07\/52A5758-683x1024.jpg 683w, https:\/\/www.loup-paris.com\/wp-content\/uploads\/2025\/07\/52A5758-768x1151.jpg 768w, https:\/\/www.loup-paris.com\/wp-content\/uploads\/2025\/07\/52A5758-1025x1536.jpg 1025w, https:\/\/www.loup-paris.com\/wp-content\/uploads\/2025\/07\/52A5758-1366x2048.jpg 1366w, https:\/\/www.loup-paris.com\/wp-content\/uploads\/2025\/07\/52A5758-8x12.jpg 8w, https:\/\/www.loup-paris.com\/wp-content\/uploads\/2025\/07\/52A5758-700x1049.jpg 700w\" sizes=\"auto, (max-width: 1708px) 100vw, 1708px\" \/><\/div>\n\t\t<\/div><\/div>\n\t<\/div>\n<div class=\"separator  transparent\" style=\"margin-top: 27px;margin-bottom: 0px;\"><\/div>\n\t<div class=\"wpb_text_column wpb_content_element\">\n\t\t<div class=\"wpb_wrapper\">\n\t\t\t<h5>Carne jugosa, una delicia carn\u00edvora<\/h5>\n\n\t\t<\/div>\n\t<\/div><div class=\"separator  small left\" style=\"margin-top: 17px;margin-bottom: 14px;height: 2px;width: 47px;\"><\/div>\n\t<div class=\"wpb_text_column wpb_content_element\">\n\t\t<div class=\"wpb_wrapper\">\n\t\t\t<p>Carne de la regi\u00f3n de Limousin para nuestras hamburguesas y t\u00e1rtaros, pollos de corral de P\u00e8re Godart, la famosa charcuter\u00eda Le Noir de Bigorre, un grupo de granjeros, cochinillos y carniceros de granja slow food entregados directamente por nuestros productores franceses de Mayenne y Dordo\u00f1a varias veces a la semana.<\/p>\n\n\t\t<\/div>\n\t<\/div><div class=\"separator  transparent\" style=\"margin-top: 43px;margin-bottom: 0px;\"><\/div><\/div><\/div><\/div><\/div><\/div><\/div><\/div><\/div><\/div><\/div><\/div><div      class=\"vc_row wpb_row section vc_row-fluid  grid_section\" style='background-color:#ffffff; padding-top:0px; padding-bottom:11px; text-align:left;'><div class=\"section_inner clearfix\"><div class='section_inner_margin clearfix'><div class=\"wpb_column vc_column_container vc_col-sm-12\"><div class=\"vc_column-inner\"><div class=\"wpb_wrapper\"><div class=\"separator  normal\" style=\"margin-top: 0px;margin-bottom: 61px;background-color: #e0e0e0;height: 1px;\"><\/div><div      class=\"vc_row wpb_row section vc_row-fluid vc_inner\" style=' text-align:left;'><div class=\"full_section_inner clearfix\"><div class=\"wpb_column vc_column_container vc_col-sm-4\"><div class=\"vc_column-inner\"><div class=\"wpb_wrapper\">\n\t<div class=\"wpb_single_image wpb_content_element vc_align_left  element_from_fade\"><div style=\"-webkit-animation-delay:0.3s; animation-delay:0.3s; -webkit-transition-delay:0.3s; transition-delay:0.3s\">\n\t\t<div class=\"wpb_wrapper\">\n\t\t\t\n\t\t\t<div class=\"vc_single_image-wrapper   vc_box_border_grey\"><img loading=\"lazy\" decoding=\"async\" width=\"352\" height=\"220\" src=\"https:\/\/www.loup-paris.com\/wp-content\/uploads\/2014\/06\/market.jpg\" class=\"vc_single_image-img attachment-full\" alt=\"\" title=\"mercado\" srcset=\"https:\/\/www.loup-paris.com\/wp-content\/uploads\/2014\/06\/market.jpg 352w, https:\/\/www.loup-paris.com\/wp-content\/uploads\/2014\/06\/market-300x187.jpg 300w\" sizes=\"auto, (max-width: 352px) 100vw, 352px\" \/><\/div>\n\t\t<\/div><\/div>\n\t<\/div>\n<div class=\"separator  transparent\" style=\"margin-top: 27px;margin-bottom: 0px;\"><\/div>\n\t<div class=\"wpb_text_column wpb_content_element\">\n\t\t<div class=\"wpb_wrapper\">\n\t\t\t<h5 style=\"text-align: center;\">COME BIEN Y SANO<\/h5>\n\n\t\t<\/div>\n\t<\/div><div class=\"separator  small left\" style=\"margin-top: 17px;margin-bottom: 14px;height: 2px;width: 47px;\"><\/div>\n\t<div class=\"wpb_text_column wpb_content_element\">\n\t\t<div class=\"wpb_wrapper\">\n\t\t\t<p>La peque\u00f1a pero verdadera frase: <strong>\"\u00a1Para vivir mejor, come mejor!<\/strong><br \/>\nNuestro lema: <strong>\"L'app\u00e9tit sauvage<\/strong> !!<\/p>\n<p>Le <strong>restaurante LOUP<\/strong>es <strong>una filosof\u00eda y un arte de vivir<\/strong>Este es el testamento de un jefe parisino que hace realidad su pasi\u00f3n.<\/p>\n\n\t\t<\/div>\n\t<\/div><div class=\"separator  transparent\" style=\"margin-top: 43px;margin-bottom: 0px;\"><\/div><\/div><\/div><\/div><div class=\"wpb_column vc_column_container vc_col-sm-4\"><div class=\"vc_column-inner\"><div class=\"wpb_wrapper\">\n\t<div class=\"wpb_single_image wpb_content_element vc_align_left  element_from_fade\"><div style=\"-webkit-animation-delay:0.6s; animation-delay:0.6s; -webkit-transition-delay:0.6s; transition-delay:0.6s\">\n\t\t<div class=\"wpb_wrapper\">\n\t\t\t\n\t\t\t<div class=\"vc_single_image-wrapper   vc_box_border_grey\"><img loading=\"lazy\" decoding=\"async\" width=\"352\" height=\"220\" src=\"https:\/\/www.loup-paris.com\/wp-content\/uploads\/2014\/06\/water.jpg\" class=\"vc_single_image-img attachment-full\" alt=\"\" title=\"agua\" srcset=\"https:\/\/www.loup-paris.com\/wp-content\/uploads\/2014\/06\/water.jpg 352w, https:\/\/www.loup-paris.com\/wp-content\/uploads\/2014\/06\/water-300x187.jpg 300w\" sizes=\"auto, (max-width: 352px) 100vw, 352px\" \/><\/div>\n\t\t<\/div><\/div>\n\t<\/div>\n<div class=\"separator  transparent\" style=\"margin-top: 27px;margin-bottom: 0px;\"><\/div>\n\t<div class=\"wpb_text_column wpb_content_element\">\n\t\t<div class=\"wpb_wrapper\">\n\t\t\t<h5 style=\"text-align: center;\">BEBE VERDE<\/h5>\n\n\t\t<\/div>\n\t<\/div><div class=\"separator  small left\" style=\"margin-top: 17px;margin-bottom: 14px;height: 2px;width: 47px;\"><\/div>\n\t<div class=\"wpb_text_column wpb_content_element\">\n\t\t<div class=\"wpb_wrapper\">\n\t\t\t<p><strong>16 vinos ecol\u00f3gicos a la carta<\/strong>Por el placer de beber este n\u00e9ctar convivial sin los efectos secundarios de la resaca. El vino ecol\u00f3gico no s\u00f3lo contiene menos azufre, sino que para nosotros, amantes de la naturaleza, es una bebida imprescindible para proteger el medio ambiente.<span class=\"paragraphe text_justify\"> el medio ambiente, las vides y la fauna.<\/span><\/p>\n<p>Nosotros <strong>tambi\u00e9n refinamos nosotros mismos el agua Castalie<\/strong> en nuestro establecimiento, servido con o sin gas.<\/p>\n\n\t\t<\/div>\n\t<\/div><div class=\"separator  transparent\" style=\"margin-top: 43px;margin-bottom: 0px;\"><\/div><\/div><\/div><\/div><div class=\"wpb_column vc_column_container vc_col-sm-4\"><div class=\"vc_column-inner\"><div class=\"wpb_wrapper\">\n\t<div class=\"wpb_single_image wpb_content_element vc_align_left  element_from_fade\"><div style=\"-webkit-animation-delay:0.9s; animation-delay:0.9s; -webkit-transition-delay:0.9s; transition-delay:0.9s\">\n\t\t<div class=\"wpb_wrapper\">\n\t\t\t\n\t\t\t<div class=\"vc_single_image-wrapper   vc_box_border_grey\"><img loading=\"lazy\" decoding=\"async\" width=\"352\" height=\"220\" src=\"https:\/\/www.loup-paris.com\/wp-content\/uploads\/2014\/06\/ok.jpg\" class=\"vc_single_image-img attachment-full\" alt=\"\" title=\"ok\" srcset=\"https:\/\/www.loup-paris.com\/wp-content\/uploads\/2014\/06\/ok.jpg 352w, https:\/\/www.loup-paris.com\/wp-content\/uploads\/2014\/06\/ok-300x187.jpg 300w\" sizes=\"auto, (max-width: 352px) 100vw, 352px\" \/><\/div>\n\t\t<\/div><\/div>\n\t<\/div>\n<div class=\"separator  transparent\" style=\"margin-top: 27px;margin-bottom: 0px;\"><\/div>\n\t<div class=\"wpb_text_column wpb_content_element\">\n\t\t<div class=\"wpb_wrapper\">\n\t\t\t<h5 style=\"text-align: center;\">TEN CUIDADO<\/h5>\n\n\t\t<\/div>\n\t<\/div><div class=\"separator  small left\" style=\"margin-top: 17px;margin-bottom: 14px;height: 2px;width: 47px;\"><\/div>\n\t<div class=\"wpb_text_column wpb_content_element\">\n\t\t<div class=\"wpb_wrapper\">\n\t\t\t<p>Somos <strong>abierto todos los d\u00edas de 8.00 h a 2.00 h<\/strong> y nuestras cocinas cocinan desde el desayuno hasta medianoche.<\/p>\n<p>El placer del vientre, pero tambi\u00e9n el placer del ambiente... sabes que te sientes bien cuando te olvidas de todo lo dem\u00e1s y s\u00f3lo vives el momento. Ven y prueba lo que quieras, con frenes\u00ed o con calma, <strong>WOLF<\/strong>.<\/p>\n\n\t\t<\/div>\n\t<\/div><div class=\"separator  transparent\" style=\"margin-top: 43px;margin-bottom: 0px;\"><\/div><\/div><\/div><\/div><\/div><\/div><\/div><\/div><\/div><\/div><\/div><\/div>\n<\/div>","protected":false},"excerpt":{"rendered":"","protected":false},"author":1,"featured_media":0,"parent":0,"menu_order":0,"comment_status":"open","ping_status":"closed","template":"full_width.php","meta":{"footnotes":""},"class_list":["post-15893","page","type-page","status-publish","hentry"],"yoast_head":"<!-- This site is optimized with the Yoast SEO plugin v27.5 - https:\/\/yoast.com\/product\/yoast-seo-wordpress\/ -->\n<title>LOUP PARIS &#8212; L&#039;esprit du Loup<\/title>\n<meta name=\"robots\" content=\"index, follow, max-snippet:-1, max-image-preview:large, max-video-preview:-1\" \/>\n<link rel=\"canonical\" href=\"https:\/\/www.loup-paris.com\/es\/el-espiritu\/\" \/>\n<meta property=\"og:locale\" content=\"es_ES\" \/>\n<meta property=\"og:type\" content=\"article\" \/>\n<meta property=\"og:title\" content=\"LOUP PARIS &#8212; L&#039;esprit du Loup\" \/>\n<meta property=\"og:url\" content=\"https:\/\/www.loup-paris.com\/es\/el-espiritu\/\" \/>\n<meta property=\"og:site_name\" content=\"LOUP PARIS\" \/>\n<meta property=\"article:publisher\" content=\"https:\/\/fr-fr.facebook.com\/Loup.Paris\/\" \/>\n<meta property=\"article:modified_time\" content=\"2025-07-08T15:37:50+00:00\" \/>\n<meta name=\"twitter:card\" content=\"summary_large_image\" \/>\n<meta name=\"twitter:label1\" content=\"Tiempo de lectura\" \/>\n\t<meta name=\"twitter:data1\" content=\"4 minutos\" \/>\n<script type=\"application\/ld+json\" class=\"yoast-schema-graph\">{\"@context\":\"https:\\\/\\\/schema.org\",\"@graph\":[{\"@type\":\"WebPage\",\"@id\":\"https:\\\/\\\/www.loup-paris.com\\\/l-esprit\\\/\",\"url\":\"https:\\\/\\\/www.loup-paris.com\\\/l-esprit\\\/\",\"name\":\"LOUP PARIS &#8212; L'esprit du Loup\",\"isPartOf\":{\"@id\":\"https:\\\/\\\/www.loup-paris.com\\\/#website\"},\"datePublished\":\"2014-06-10T09:37:01+00:00\",\"dateModified\":\"2025-07-08T15:37:50+00:00\",\"breadcrumb\":{\"@id\":\"https:\\\/\\\/www.loup-paris.com\\\/l-esprit\\\/#breadcrumb\"},\"inLanguage\":\"es\",\"potentialAction\":[{\"@type\":\"ReadAction\",\"target\":[\"https:\\\/\\\/www.loup-paris.com\\\/l-esprit\\\/\"]}]},{\"@type\":\"BreadcrumbList\",\"@id\":\"https:\\\/\\\/www.loup-paris.com\\\/l-esprit\\\/#breadcrumb\",\"itemListElement\":[{\"@type\":\"ListItem\",\"position\":1,\"name\":\"Accueil\",\"item\":\"https:\\\/\\\/www.loup-paris.com\\\/\"},{\"@type\":\"ListItem\",\"position\":2,\"name\":\"L&rsquo;esprit du Loup\"}]},{\"@type\":\"WebSite\",\"@id\":\"https:\\\/\\\/www.loup-paris.com\\\/#website\",\"url\":\"https:\\\/\\\/www.loup-paris.com\\\/\",\"name\":\"LOUP PARIS\",\"description\":\"Restaurant Bar\",\"publisher\":{\"@id\":\"https:\\\/\\\/www.loup-paris.com\\\/#organization\"},\"potentialAction\":[{\"@type\":\"SearchAction\",\"target\":{\"@type\":\"EntryPoint\",\"urlTemplate\":\"https:\\\/\\\/www.loup-paris.com\\\/?s={search_term_string}\"},\"query-input\":{\"@type\":\"PropertyValueSpecification\",\"valueRequired\":true,\"valueName\":\"search_term_string\"}}],\"inLanguage\":\"es\"},{\"@type\":\"Organization\",\"@id\":\"https:\\\/\\\/www.loup-paris.com\\\/#organization\",\"name\":\"LOUP PARIS\",\"url\":\"https:\\\/\\\/www.loup-paris.com\\\/\",\"logo\":{\"@type\":\"ImageObject\",\"inLanguage\":\"es\",\"@id\":\"https:\\\/\\\/www.loup-paris.com\\\/#\\\/schema\\\/logo\\\/image\\\/\",\"url\":\"https:\\\/\\\/www.loup-paris.com\\\/wp-content\\\/uploads\\\/2014\\\/05\\\/3d-mobile_logo-loup-paris.jpg\",\"contentUrl\":\"https:\\\/\\\/www.loup-paris.com\\\/wp-content\\\/uploads\\\/2014\\\/05\\\/3d-mobile_logo-loup-paris.jpg\",\"width\":250,\"height\":142,\"caption\":\"LOUP PARIS\"},\"image\":{\"@id\":\"https:\\\/\\\/www.loup-paris.com\\\/#\\\/schema\\\/logo\\\/image\\\/\"},\"sameAs\":[\"https:\\\/\\\/fr-fr.facebook.com\\\/Loup.Paris\\\/\",\"https:\\\/\\\/www.instagram.com\\\/loup_paris\\\/\"]}]}<\/script>\n<!-- \/ Yoast SEO plugin. -->","yoast_head_json":{"title":"LOUP PARIS - El Esp\u00edritu del Lobo","robots":{"index":"index","follow":"follow","max-snippet":"max-snippet:-1","max-image-preview":"max-image-preview:large","max-video-preview":"max-video-preview:-1"},"canonical":"https:\/\/www.loup-paris.com\/es\/el-espiritu\/","og_locale":"es_ES","og_type":"article","og_title":"LOUP PARIS &#8212; L'esprit du Loup","og_url":"https:\/\/www.loup-paris.com\/es\/el-espiritu\/","og_site_name":"LOUP PARIS","article_publisher":"https:\/\/fr-fr.facebook.com\/Loup.Paris\/","article_modified_time":"2025-07-08T15:37:50+00:00","twitter_card":"summary_large_image","twitter_misc":{"Tiempo de lectura":"4 minutos"},"schema":{"@context":"https:\/\/schema.org","@graph":[{"@type":"WebPage","@id":"https:\/\/www.loup-paris.com\/l-esprit\/","url":"https:\/\/www.loup-paris.com\/l-esprit\/","name":"LOUP PARIS - El Esp\u00edritu del Lobo","isPartOf":{"@id":"https:\/\/www.loup-paris.com\/#website"},"datePublished":"2014-06-10T09:37:01+00:00","dateModified":"2025-07-08T15:37:50+00:00","breadcrumb":{"@id":"https:\/\/www.loup-paris.com\/l-esprit\/#breadcrumb"},"inLanguage":"es","potentialAction":[{"@type":"ReadAction","target":["https:\/\/www.loup-paris.com\/l-esprit\/"]}]},{"@type":"BreadcrumbList","@id":"https:\/\/www.loup-paris.com\/l-esprit\/#breadcrumb","itemListElement":[{"@type":"ListItem","position":1,"name":"Accueil","item":"https:\/\/www.loup-paris.com\/"},{"@type":"ListItem","position":2,"name":"L&rsquo;esprit du Loup"}]},{"@type":"WebSite","@id":"https:\/\/www.loup-paris.com\/#website","url":"https:\/\/www.loup-paris.com\/","name":"LOBO DE PAR\u00cdS","description":"Restaurante Bar","publisher":{"@id":"https:\/\/www.loup-paris.com\/#organization"},"potentialAction":[{"@type":"SearchAction","target":{"@type":"EntryPoint","urlTemplate":"https:\/\/www.loup-paris.com\/?s={search_term_string}"},"query-input":{"@type":"PropertyValueSpecification","valueRequired":true,"valueName":"search_term_string"}}],"inLanguage":"es"},{"@type":"Organization","@id":"https:\/\/www.loup-paris.com\/#organization","name":"LOBO DE PAR\u00cdS","url":"https:\/\/www.loup-paris.com\/","logo":{"@type":"ImageObject","inLanguage":"es","@id":"https:\/\/www.loup-paris.com\/#\/schema\/logo\/image\/","url":"https:\/\/www.loup-paris.com\/wp-content\/uploads\/2014\/05\/3d-mobile_logo-loup-paris.jpg","contentUrl":"https:\/\/www.loup-paris.com\/wp-content\/uploads\/2014\/05\/3d-mobile_logo-loup-paris.jpg","width":250,"height":142,"caption":"LOUP PARIS"},"image":{"@id":"https:\/\/www.loup-paris.com\/#\/schema\/logo\/image\/"},"sameAs":["https:\/\/fr-fr.facebook.com\/Loup.Paris\/","https:\/\/www.instagram.com\/loup_paris\/"]}]}},"_links":{"self":[{"href":"https:\/\/www.loup-paris.com\/es\/wp-json\/wp\/v2\/pages\/15893","targetHints":{"allow":["GET"]}}],"collection":[{"href":"https:\/\/www.loup-paris.com\/es\/wp-json\/wp\/v2\/pages"}],"about":[{"href":"https:\/\/www.loup-paris.com\/es\/wp-json\/wp\/v2\/types\/page"}],"author":[{"embeddable":true,"href":"https:\/\/www.loup-paris.com\/es\/wp-json\/wp\/v2\/users\/1"}],"replies":[{"embeddable":true,"href":"https:\/\/www.loup-paris.com\/es\/wp-json\/wp\/v2\/comments?post=15893"}],"version-history":[{"count":5,"href":"https:\/\/www.loup-paris.com\/es\/wp-json\/wp\/v2\/pages\/15893\/revisions"}],"predecessor-version":[{"id":18642,"href":"https:\/\/www.loup-paris.com\/es\/wp-json\/wp\/v2\/pages\/15893\/revisions\/18642"}],"wp:attachment":[{"href":"https:\/\/www.loup-paris.com\/es\/wp-json\/wp\/v2\/media?parent=15893"}],"curies":[{"name":"wp","href":"https:\/\/api.w.org\/{rel}","templated":true}]}}