{"id":9,"date":"2014-06-07T19:11:24","date_gmt":"2014-06-07T18:11:24","guid":{"rendered":"https:\/\/www.loup-paris.com\/loup-2014\/?page_id=9"},"modified":"2025-08-27T20:00:29","modified_gmt":"2025-08-27T18:00:29","slug":"hem","status":"publish","type":"page","link":"https:\/\/www.loup-paris.com\/sv\/","title":{"rendered":"Hem"},"content":{"rendered":"<div class=\"wpb-content-wrapper\"><div class=\"vc_row wpb_row section vc_row-fluid\" style=' text-align:center;'><div class=\"full_section_inner clearfix\"><div class=\"wpb_column vc_column_container vc_col-sm-12\"><div class=\"vc_column-inner\"><div class=\"wpb_wrapper\"><a  itemprop=\"url\" href=\"https:\/\/widget.thefork.com\/fe40d944-ff77-4699-8db1-1a2b04252318\" target=\"_self\" data-hover-background-color=\"#339966\" data-hover-color=\"#FFFFFF\" class=\"qbutton  big_large default\" style=\"color: #000000; border-color: #00000000; font-weight: 600; font-family: &#039;News Cycle&#039;, sans-serif; font-size: 16px; margin: 10px; border-radius: 3pxpx;-moz-border-radius: 3pxpx;-webkit-border-radius: 3pxpx; background-color:#FFC6FA;\">Boka ett bord<i class=\"qode_icon_font_awesome fa fa-calendar-check-o qode_button_icon_element\"><\/i><\/a>\n\t<div class=\"wpb_text_column wpb_content_element\">\n\t\t<div class=\"wpb_wrapper\">\n\t\t\t<div class=\"separator  transparent center\" style=\"margin-top: 20px;\"><\/div>\n\n\t\t<\/div>\n\t<\/div>\n\t<div class=\"wpb_single_image wpb_content_element vc_align_center\">\n\t\t<div class=\"wpb_wrapper\">\n\t\t\t\n\t\t\t<div class=\"vc_single_image-wrapper   vc_box_border_grey\"><img loading=\"lazy\" decoding=\"async\" width=\"976\" height=\"738\" src=\"https:\/\/www.loup-paris.com\/wp-content\/uploads\/2019\/11\/design-home-top-new.jpg\" class=\"vc_single_image-img attachment-full\" alt=\"\" title=\"design-home-top-nya\" srcset=\"https:\/\/www.loup-paris.com\/wp-content\/uploads\/2019\/11\/design-home-top-new.jpg 976w, https:\/\/www.loup-paris.com\/wp-content\/uploads\/2019\/11\/design-home-top-new-300x227.jpg 300w, https:\/\/www.loup-paris.com\/wp-content\/uploads\/2019\/11\/design-home-top-new-768x581.jpg 768w, https:\/\/www.loup-paris.com\/wp-content\/uploads\/2019\/11\/design-home-top-new-700x529.jpg 700w\" sizes=\"auto, (max-width: 976px) 100vw, 976px\" \/><\/div>\n\t\t<\/div>\n\t<\/div>\n\n\t<div class=\"wpb_text_column wpb_content_element\">\n\t\t<div class=\"wpb_wrapper\">\n\t\t\t<div class=\"separator  transparent center\" style=\"margin-top: 30px;\"><\/div>\n\n\t\t<\/div>\n\t<\/div>\n\t<div class=\"wpb_text_column wpb_content_element\">\n\t\t<div class=\"wpb_wrapper\">\n\t\t\t<h5 style=\"text-align: center;\">SERVICE <strong>VEITURIER<\/strong> P\u00c5 KV\u00c4LLEN<\/h5>\n\n\t\t<\/div>\n\t<\/div>\n\t<div class=\"wpb_text_column wpb_content_element\">\n\t\t<div class=\"wpb_wrapper\">\n\t\t\t<div class=\"separator  transparent center\" style=\"margin-top: 35px;\"><\/div>\n\n\t\t<\/div>\n\t<\/div><\/div><\/div><\/div><\/div><\/div><div      class=\"vc_row wpb_row section vc_row-fluid  grid_section\" style=' text-align:left;'><div class=\"section_inner clearfix\"><div class='section_inner_margin clearfix'><div class=\"element_from_top\"><div><div class=\"wpb_column vc_column_container vc_col-sm-4\"><div class=\"vc_column-inner\"><div class=\"wpb_wrapper\">\n\t<div class=\"wpb_text_column wpb_content_element\">\n\t\t<div class=\"wpb_wrapper\">\n\t\t\t<h4 style=\"text-align: center;\">RESTAURANGEN<\/h4>\n<p style=\"text-align: center;\">Du kom aldrig,<br \/>\ndu vill <strong>ta en titt<\/strong>Det \u00e4r h\u00e4r borta!<\/p>\n<p style=\"text-align: center;\"><strong>Ljus atmosf\u00e4r<\/strong> dagen, <strong>k\u00e4nde<\/strong> P\u00e5 kv\u00e4llen ... oavsett om du \u00e4r tv\u00e5 eller i en flock, kommer du snart att gl\u00f6mma att du \u00e4r ute, f\u00f6r p\u00e5 Le Loup \u00e4r allt utformat f\u00f6r att f\u00e5 dig att k\u00e4nna dig som en tupp p\u00e5 ben, en svala p\u00e5 v\u00e5ren, ett andra hem med all gl\u00e4dje av att tr\u00e4ffa m\u00e4nniskor och leenden, i en gammaldags livsmedelsbutik som drivs av en \"epikureisk j\u00e4gare\".<\/p>\n\n\t\t<\/div>\n\t<\/div><\/div><\/div><\/div><div class=\"wpb_column vc_column_container vc_col-sm-4\"><div class=\"vc_column-inner\"><div class=\"wpb_wrapper\">\n\t<div class=\"wpb_text_column wpb_content_element\">\n\t\t<div class=\"wpb_wrapper\">\n\t\t\t<h4 style=\"text-align: center;\">KARTAN<\/h4>\n<p style=\"text-align: center;\"><strong>Magen kallar<\/strong>Resultatet \u00e4r ett livsmedel som gl\u00e4djer tungan, enkelt och okonstlat, men gener\u00f6st eftertraktat f\u00f6r sin smak. <strong>smakliga egenskaper<\/strong>... som om de befann sig mitt i <strong>hj\u00e4rtat av Paris<\/strong>du kom f\u00f6r att g\u00f6ra <strong>en \"naturlig\" vapenvila<\/strong> hos en chic skogshuggare.<\/p>\n<p style=\"text-align: center;\">Kom och \u00e4t <strong>lantliga drycker<\/strong>njut av detta <strong>vin med doft av frihet<\/strong>...<\/p>\n\n\t\t<\/div>\n\t<\/div><\/div><\/div><\/div><div class=\"wpb_column vc_column_container vc_col-sm-4\"><div class=\"vc_column-inner\"><div class=\"wpb_wrapper\">\n\t<div class=\"wpb_text_column wpb_content_element\">\n\t\t<div class=\"wpb_wrapper\">\n\t\t\t<h4 style=\"text-align: center;\">UTN\u00c4MNINGAR<\/h4>\n<p style=\"text-align: center;\">Det finns naturligtvis de viktigaste sakerna <strong>Specialkv\u00e4llar<\/strong> och <strong>Evenemang<\/strong> som du kan konsultera genom att f\u00f6lja v\u00e5ra nyheter p\u00e5 v\u00e5ra fcbk-sidor, twitter, etc. Du hittar dessa l\u00e4nkar nedan.<\/p>\n<p style=\"text-align: center;\">Om du gillar oss, gilla oss!<br \/>\nVi gillar dig j\u00e4ttemycket!<\/p>\n\n\t\t<\/div>\n\t<\/div><\/div><\/div><\/div><\/div><\/div><\/div><\/div><\/div><div      class=\"vc_row wpb_row section vc_row-fluid  grid_section\" style=' text-align:left;'><div class=\"section_inner clearfix\"><div class='section_inner_margin clearfix'><div class=\"wpb_column vc_column_container vc_col-sm-4\"><div class=\"vc_column-inner\"><div class=\"wpb_wrapper\"><div class=\"separator  small center\" style=\"background-color: #478402;\"><\/div>\n\t<div class=\"wpb_text_column wpb_content_element\">\n\t\t<div class=\"wpb_wrapper\">\n\t\t\t<h6 style=\"text-align: center;\"><a title=\"PLATSEN\" href=\"https:\/\/www.loup-paris.com\/sv\/plats\/\"><span style=\"color: #339966;\">SE ALBUMET<\/span><\/a><\/h6>\n\n\t\t<\/div>\n\t<\/div><\/div><\/div><\/div><div class=\"wpb_column vc_column_container vc_col-sm-4\"><div class=\"vc_column-inner\"><div class=\"wpb_wrapper\"><div class=\"separator  small center\" style=\"background-color: #478402;\"><\/div>\n\t<div class=\"wpb_text_column wpb_content_element\">\n\t\t<div class=\"wpb_wrapper\">\n\t\t\t<h6 style=\"text-align: center;\"><a title=\"Kartan\" href=\"https:\/\/www.loup-paris.com\/sv\/la-carte-bis\/\"><span style=\"color: #339966;\">SE KARTAN<\/span><\/a><\/h6>\n\n\t\t<\/div>\n\t<\/div><\/div><\/div><\/div><div class=\"wpb_column vc_column_container vc_col-sm-4\"><div class=\"vc_column-inner\"><div class=\"wpb_wrapper\"><div class=\"separator  small center\" style=\"background-color: #478402;\"><\/div>\n\t<div class=\"wpb_text_column wpb_content_element\">\n\t\t<div class=\"wpb_wrapper\">\n\t\t\t<h6 style=\"text-align: center;\"><a href=\"https:\/\/www.facebook.com\/Loup.Paris\" target=\"_blank\" rel=\"noopener noreferrer\"><span style=\"color: #339966;\">Vi ses p\u00e5 FCBK<\/span><\/a><\/h6>\n\n\t\t<\/div>\n\t<\/div><\/div><\/div><\/div><\/div><\/div><\/div><div      class=\"vc_row wpb_row section vc_row-fluid  grid_section\" style=' text-align:center;'><div class=\"section_inner clearfix\"><div class='section_inner_margin clearfix'><div class=\"wpb_column vc_column_container vc_col-sm-12\"><div class=\"vc_column-inner\"><div class=\"wpb_wrapper\">\n\t<div class=\"wpb_text_column wpb_content_element\">\n\t\t<div class=\"wpb_wrapper\">\n\t\t\t<div class=\"separator  transparent center\" style=\"margin-top: 50px;\"><\/div>\n\n\t\t<\/div>\n\t<\/div>\n\t<div class=\"wpb_text_column wpb_content_element\">\n\t\t<div class=\"wpb_wrapper\">\n\t\t\t<h4 style=\"text-align: center;\">VARGEN \u00c4R DIN<\/h4>\n<p style=\"text-align: center;\"><strong>Privatisering och halvprivatisering m\u00f6jlig <\/strong>\u00f6ver en cocktailmottagning.<\/p>\n\n\t\t<\/div>\n\t<\/div>\n\t<div class=\"wpb_text_column wpb_content_element\">\n\t\t<div class=\"wpb_wrapper\">\n\t\t\t<div class=\"separator  transparent center\" style=\"margin-top: 40px;\"><\/div>\n\n\t\t<\/div>\n\t<\/div><div class=\"vc_text_separator wpb_content_element full separator_align_center\"><div style='background-color:#ffffff; color:#000000;'><span>Vi ses snart igen<\/span><\/div><\/div><div class=\"separator  transparent\" style=\"margin-top: 10px;\"><\/div><\/div><\/div><\/div><\/div><\/div><\/div><div      class=\"vc_row wpb_row section vc_row-fluid\" style=' text-align:left;'><div class=\"full_section_inner clearfix\"><div class=\"wpb_column vc_column_container vc_col-sm-12\"><div class=\"vc_column-inner\"><div class=\"wpb_wrapper\">\n\t<div class=\"wpb_single_image wpb_content_element vc_align_center\">\n\t\t<div class=\"wpb_wrapper\">\n\t\t\t\n\t\t\t<div class=\"vc_single_image-wrapper   vc_box_border_grey\"><img decoding=\"async\" class=\"vc_single_image-img\" src=\"https:\/\/www.loup-paris.com\/wp-content\/uploads\/2014\/06\/design-home-bottom.jpg\" width=\"976\" height=\"471\" alt=\"design-hem-botten\" title=\"design-hem-botten\" loading=\"lazy\" \/><\/div>\n\t\t<\/div>\n\t<\/div>\n<\/div><\/div><\/div><\/div><\/div>\n<\/div>","protected":false},"excerpt":{"rendered":"Boka bord CAR HOLIDAY SERVICE RESTAURANGEN Om du aldrig har varit h\u00e4r f\u00f6rut och vill ta en titt \u00e4r det h\u00e4r r\u00e4tt st\u00e4lle att g\u00f6ra det p\u00e5! Ljust p\u00e5 dagen, mysigt p\u00e5 kv\u00e4llen... oavsett om ni \u00e4r ett par eller ett g\u00e4ng kommer ni snart att gl\u00f6mma bort att ni \u00e4r utomhus, f\u00f6r p\u00e5 Le Loup \u00e4r allt...","protected":false},"author":1,"featured_media":0,"parent":0,"menu_order":0,"comment_status":"open","ping_status":"open","template":"full_width.php","meta":{"footnotes":""},"class_list":["post-9","page","type-page","status-publish","hentry"],"yoast_head":"<!-- This site is optimized with the Yoast SEO plugin v27.5 - https:\/\/yoast.com\/product\/yoast-seo-wordpress\/ -->\n<title>LOUP PARIS &#8212; Accueil<\/title>\n<meta name=\"robots\" content=\"index, follow, max-snippet:-1, max-image-preview:large, max-video-preview:-1\" \/>\n<link rel=\"canonical\" href=\"https:\/\/www.loup-paris.com\/sv\/\" \/>\n<meta property=\"og:locale\" content=\"sv_SE\" \/>\n<meta property=\"og:type\" content=\"article\" \/>\n<meta property=\"og:title\" content=\"LOUP PARIS &#8212; Accueil\" \/>\n<meta property=\"og:url\" content=\"https:\/\/www.loup-paris.com\/sv\/\" \/>\n<meta property=\"og:site_name\" content=\"LOUP PARIS\" \/>\n<meta property=\"article:publisher\" content=\"https:\/\/fr-fr.facebook.com\/Loup.Paris\/\" \/>\n<meta property=\"article:modified_time\" content=\"2025-08-27T18:00:29+00:00\" \/>\n<meta name=\"twitter:card\" content=\"summary_large_image\" \/>\n<meta name=\"twitter:label1\" content=\"Ber\u00e4knad l\u00e4stid\" \/>\n\t<meta name=\"twitter:data1\" content=\"2 minuter\" \/>\n<script type=\"application\/ld+json\" class=\"yoast-schema-graph\">{\"@context\":\"https:\\\/\\\/schema.org\",\"@graph\":[{\"@type\":\"WebPage\",\"@id\":\"https:\\\/\\\/www.loup-paris.com\\\/\",\"url\":\"https:\\\/\\\/www.loup-paris.com\\\/\",\"name\":\"LOUP PARIS &#8212; Accueil\",\"isPartOf\":{\"@id\":\"https:\\\/\\\/www.loup-paris.com\\\/#website\"},\"datePublished\":\"2014-06-07T18:11:24+00:00\",\"dateModified\":\"2025-08-27T18:00:29+00:00\",\"breadcrumb\":{\"@id\":\"https:\\\/\\\/www.loup-paris.com\\\/#breadcrumb\"},\"inLanguage\":\"sv-SE\",\"potentialAction\":[{\"@type\":\"ReadAction\",\"target\":[\"https:\\\/\\\/www.loup-paris.com\\\/\"]}]},{\"@type\":\"BreadcrumbList\",\"@id\":\"https:\\\/\\\/www.loup-paris.com\\\/#breadcrumb\",\"itemListElement\":[{\"@type\":\"ListItem\",\"position\":1,\"name\":\"Accueil\",\"item\":\"https:\\\/\\\/www.loup-paris.com\\\/\"},{\"@type\":\"ListItem\",\"position\":2,\"name\":\"Accueil\"}]},{\"@type\":\"WebSite\",\"@id\":\"https:\\\/\\\/www.loup-paris.com\\\/#website\",\"url\":\"https:\\\/\\\/www.loup-paris.com\\\/\",\"name\":\"LOUP PARIS\",\"description\":\"Restaurant Bar\",\"publisher\":{\"@id\":\"https:\\\/\\\/www.loup-paris.com\\\/#organization\"},\"potentialAction\":[{\"@type\":\"SearchAction\",\"target\":{\"@type\":\"EntryPoint\",\"urlTemplate\":\"https:\\\/\\\/www.loup-paris.com\\\/?s={search_term_string}\"},\"query-input\":{\"@type\":\"PropertyValueSpecification\",\"valueRequired\":true,\"valueName\":\"search_term_string\"}}],\"inLanguage\":\"sv-SE\"},{\"@type\":\"Organization\",\"@id\":\"https:\\\/\\\/www.loup-paris.com\\\/#organization\",\"name\":\"LOUP PARIS\",\"url\":\"https:\\\/\\\/www.loup-paris.com\\\/\",\"logo\":{\"@type\":\"ImageObject\",\"inLanguage\":\"sv-SE\",\"@id\":\"https:\\\/\\\/www.loup-paris.com\\\/#\\\/schema\\\/logo\\\/image\\\/\",\"url\":\"https:\\\/\\\/www.loup-paris.com\\\/wp-content\\\/uploads\\\/2014\\\/05\\\/3d-mobile_logo-loup-paris.jpg\",\"contentUrl\":\"https:\\\/\\\/www.loup-paris.com\\\/wp-content\\\/uploads\\\/2014\\\/05\\\/3d-mobile_logo-loup-paris.jpg\",\"width\":250,\"height\":142,\"caption\":\"LOUP PARIS\"},\"image\":{\"@id\":\"https:\\\/\\\/www.loup-paris.com\\\/#\\\/schema\\\/logo\\\/image\\\/\"},\"sameAs\":[\"https:\\\/\\\/fr-fr.facebook.com\\\/Loup.Paris\\\/\",\"https:\\\/\\\/www.instagram.com\\\/loup_paris\\\/\"]}]}<\/script>\n<!-- \/ Yoast SEO plugin. -->","yoast_head_json":{"title":"LOUP PARIS - Hem","robots":{"index":"index","follow":"follow","max-snippet":"max-snippet:-1","max-image-preview":"max-image-preview:large","max-video-preview":"max-video-preview:-1"},"canonical":"https:\/\/www.loup-paris.com\/sv\/","og_locale":"sv_SE","og_type":"article","og_title":"LOUP PARIS &#8212; Accueil","og_url":"https:\/\/www.loup-paris.com\/sv\/","og_site_name":"LOUP PARIS","article_publisher":"https:\/\/fr-fr.facebook.com\/Loup.Paris\/","article_modified_time":"2025-08-27T18:00:29+00:00","twitter_card":"summary_large_image","twitter_misc":{"Ber\u00e4knad l\u00e4stid":"2 minuter"},"schema":{"@context":"https:\/\/schema.org","@graph":[{"@type":"WebPage","@id":"https:\/\/www.loup-paris.com\/","url":"https:\/\/www.loup-paris.com\/","name":"LOUP PARIS - Hem","isPartOf":{"@id":"https:\/\/www.loup-paris.com\/#website"},"datePublished":"2014-06-07T18:11:24+00:00","dateModified":"2025-08-27T18:00:29+00:00","breadcrumb":{"@id":"https:\/\/www.loup-paris.com\/#breadcrumb"},"inLanguage":"sv-SE","potentialAction":[{"@type":"ReadAction","target":["https:\/\/www.loup-paris.com\/"]}]},{"@type":"BreadcrumbList","@id":"https:\/\/www.loup-paris.com\/#breadcrumb","itemListElement":[{"@type":"ListItem","position":1,"name":"Accueil","item":"https:\/\/www.loup-paris.com\/"},{"@type":"ListItem","position":2,"name":"Accueil"}]},{"@type":"WebSite","@id":"https:\/\/www.loup-paris.com\/#website","url":"https:\/\/www.loup-paris.com\/","name":"PARIS WOLF","description":"Restaurang Bar","publisher":{"@id":"https:\/\/www.loup-paris.com\/#organization"},"potentialAction":[{"@type":"SearchAction","target":{"@type":"EntryPoint","urlTemplate":"https:\/\/www.loup-paris.com\/?s={search_term_string}"},"query-input":{"@type":"PropertyValueSpecification","valueRequired":true,"valueName":"search_term_string"}}],"inLanguage":"sv-SE"},{"@type":"Organization","@id":"https:\/\/www.loup-paris.com\/#organization","name":"PARIS WOLF","url":"https:\/\/www.loup-paris.com\/","logo":{"@type":"ImageObject","inLanguage":"sv-SE","@id":"https:\/\/www.loup-paris.com\/#\/schema\/logo\/image\/","url":"https:\/\/www.loup-paris.com\/wp-content\/uploads\/2014\/05\/3d-mobile_logo-loup-paris.jpg","contentUrl":"https:\/\/www.loup-paris.com\/wp-content\/uploads\/2014\/05\/3d-mobile_logo-loup-paris.jpg","width":250,"height":142,"caption":"LOUP PARIS"},"image":{"@id":"https:\/\/www.loup-paris.com\/#\/schema\/logo\/image\/"},"sameAs":["https:\/\/fr-fr.facebook.com\/Loup.Paris\/","https:\/\/www.instagram.com\/loup_paris\/"]}]}},"_links":{"self":[{"href":"https:\/\/www.loup-paris.com\/sv\/wp-json\/wp\/v2\/pages\/9","targetHints":{"allow":["GET"]}}],"collection":[{"href":"https:\/\/www.loup-paris.com\/sv\/wp-json\/wp\/v2\/pages"}],"about":[{"href":"https:\/\/www.loup-paris.com\/sv\/wp-json\/wp\/v2\/types\/page"}],"author":[{"embeddable":true,"href":"https:\/\/www.loup-paris.com\/sv\/wp-json\/wp\/v2\/users\/1"}],"replies":[{"embeddable":true,"href":"https:\/\/www.loup-paris.com\/sv\/wp-json\/wp\/v2\/comments?post=9"}],"version-history":[{"count":32,"href":"https:\/\/www.loup-paris.com\/sv\/wp-json\/wp\/v2\/pages\/9\/revisions"}],"predecessor-version":[{"id":18664,"href":"https:\/\/www.loup-paris.com\/sv\/wp-json\/wp\/v2\/pages\/9\/revisions\/18664"}],"wp:attachment":[{"href":"https:\/\/www.loup-paris.com\/sv\/wp-json\/wp\/v2\/media?parent=9"}],"curies":[{"name":"wp","href":"https:\/\/api.w.org\/{rel}","templated":true}]}}